{"id":15078,"date":"2024-02-17T11:26:31","date_gmt":"2024-02-17T10:26:31","guid":{"rendered":"https:\/\/www.boekhandelrutgers.nl\/blogroll\/?page_id=15078"},"modified":"2024-04-20T08:24:12","modified_gmt":"2024-04-20T07:24:12","slug":"murat-isik","status":"publish","type":"page","link":"https:\/\/www.boekhandelrutgers.nl\/blogroll\/index.php\/murat-isik\/","title":{"rendered":"Murat Isik"},"content":{"rendered":"\t\t<div data-elementor-type=\"wp-page\" data-elementor-id=\"15078\" class=\"elementor elementor-15078\">\n\t\t\t\t\t\t<section class=\"elementor-section elementor-top-section elementor-element elementor-element-c63ccab elementor-section-boxed elementor-section-height-default elementor-section-height-default\" data-id=\"c63ccab\" data-element_type=\"section\" data-e-type=\"section\">\n\t\t\t\t\t\t<div class=\"elementor-container elementor-column-gap-default\">\n\t\t\t\t\t<div class=\"elementor-column elementor-col-100 elementor-top-column elementor-element elementor-element-0ab0803\" data-id=\"0ab0803\" data-element_type=\"column\" data-e-type=\"column\">\n\t\t\t<div class=\"elementor-widget-wrap elementor-element-populated\">\n\t\t\t\t\t\t<div class=\"elementor-element elementor-element-0f67948 elementor-widget elementor-widget-image\" data-id=\"0f67948\" data-element_type=\"widget\" data-e-type=\"widget\" data-widget_type=\"image.default\">\n\t\t\t\t<div class=\"elementor-widget-container\">\n\t\t\t\t\t\t\t\t\t\t\t\t<figure class=\"wp-caption\">\n\t\t\t\t\t\t\t\t\t\t<img decoding=\"async\" src=\"https:\/\/www.boekhandelrutgers.nl\/blogroll\/wp-content\/uploads\/2024\/04\/GMF_0611-scaled.jpg\" title=\"\" alt=\"\" loading=\"lazy\" \/>\t\t\t\t\t\t\t\t\t\t\t<figcaption class=\"widget-image-caption wp-caption-text\">Schrijver Murat Isik tijdens het signeren in gesprek met lezers. Foto: DeSchepper&amp;Co<\/figcaption>\n\t\t\t\t\t\t\t\t\t\t<\/figure>\n\t\t\t\t\t\t\t\t\t<\/div>\n\t\t\t\t<\/div>\n\t\t\t\t\t<\/div>\n\t\t<\/div>\n\t\t\t\t\t<\/div>\n\t\t<\/section>\n\t\t\t\t<section class=\"elementor-section elementor-top-section elementor-element elementor-element-968f866 elementor-section-boxed elementor-section-height-default elementor-section-height-default\" data-id=\"968f866\" data-element_type=\"section\" data-e-type=\"section\">\n\t\t\t\t\t\t<div class=\"elementor-container elementor-column-gap-default\">\n\t\t\t\t\t<div class=\"elementor-column elementor-col-100 elementor-top-column elementor-element elementor-element-9c365fb\" data-id=\"9c365fb\" data-element_type=\"column\" data-e-type=\"column\">\n\t\t\t<div class=\"elementor-widget-wrap elementor-element-populated\">\n\t\t\t\t\t\t<div class=\"elementor-element elementor-element-63a5efd elementor-widget elementor-widget-heading\" data-id=\"63a5efd\" data-element_type=\"widget\" data-e-type=\"widget\" data-widget_type=\"heading.default\">\n\t\t\t\t<div class=\"elementor-widget-container\">\n\t\t\t\t\t<h2 class=\"elementor-heading-title elementor-size-default\">Murat Isik in Varsseveld over de klauw van familiebanden<\/h2>\t\t\t\t<\/div>\n\t\t\t\t<\/div>\n\t\t\t\t\t<\/div>\n\t\t<\/div>\n\t\t\t\t\t<\/div>\n\t\t<\/section>\n\t\t\t\t<section class=\"elementor-section elementor-top-section elementor-element elementor-element-0821c08 elementor-section-boxed elementor-section-height-default elementor-section-height-default\" data-id=\"0821c08\" data-element_type=\"section\" data-e-type=\"section\">\n\t\t\t\t\t\t<div class=\"elementor-container elementor-column-gap-default\">\n\t\t\t\t\t<div class=\"elementor-column elementor-col-100 elementor-top-column elementor-element elementor-element-afa4860\" data-id=\"afa4860\" data-element_type=\"column\" data-e-type=\"column\">\n\t\t\t<div class=\"elementor-widget-wrap elementor-element-populated\">\n\t\t\t\t\t\t<div class=\"elementor-element elementor-element-a9a9f0d elementor-widget elementor-widget-text-editor\" data-id=\"a9a9f0d\" data-element_type=\"widget\" data-e-type=\"widget\" data-widget_type=\"text-editor.default\">\n\t\t\t\t<div class=\"elementor-widget-container\">\n\t\t\t\t\t\t\t\t\t<p>VARSSEVELD &#8211; Afgelopen zondag was schrijver Murat Isik, voor de tweede keer op uitnodiging van boekhandel Rutgers, te gast in het Borchuus. In 2019 was net zijn Boekenweekessay\u00a0<em>Mijn moeders strijd<\/em>\u00a0verschenen. Afgelopen februari verscheen zijn nieuwste roman\u00a0<em>In de mist van Golden Gate Park<\/em>. Ook nu werd hij, net als vijf jaar geleden, ge\u00efnterviewd door Joyce de Schepper.<\/p><p><em>Tekst: Ria Tuenter<\/em><\/p>\t\t\t\t\t\t\t\t<\/div>\n\t\t\t\t<\/div>\n\t\t\t\t\t<\/div>\n\t\t<\/div>\n\t\t\t\t\t<\/div>\n\t\t<\/section>\n\t\t\t\t<section class=\"elementor-section elementor-top-section elementor-element elementor-element-0e172d0 elementor-section-boxed elementor-section-height-default elementor-section-height-default\" data-id=\"0e172d0\" data-element_type=\"section\" data-e-type=\"section\">\n\t\t\t\t\t\t<div class=\"elementor-container elementor-column-gap-default\">\n\t\t\t\t\t<div class=\"elementor-column elementor-col-100 elementor-top-column elementor-element elementor-element-2274ed8\" data-id=\"2274ed8\" data-element_type=\"column\" data-e-type=\"column\">\n\t\t\t<div class=\"elementor-widget-wrap elementor-element-populated\">\n\t\t\t\t\t\t<div class=\"elementor-element elementor-element-d3396ab elementor-widget elementor-widget-text-editor\" data-id=\"d3396ab\" data-element_type=\"widget\" data-e-type=\"widget\" data-widget_type=\"text-editor.default\">\n\t\t\t\t<div class=\"elementor-widget-container\">\n\t\t\t\t\t\t\t\t\t<p>Murat Isik (1977) werd geboren in Izmir (Turkije). Kort na zijn geboorte kwam hij naar Nederland en groeide op in de Bijlmermeer. Hij debuteerde met het boek\u00a0<em>Verloren grond<\/em>. Zijn tweede roman\u00a0<em>Wees onzichtbaar<\/em>\u00a0werd bekroond met de Libris Literatuur Prijs. Zijn nieuwe boek is een vervolg hierop; in beide boeken volgen we het hoofdpersonage Metin.\u00a0<em>In de mist van Golden Gate Park,<\/em>\u00a0is een lijvig boekwerk van 667 pagina\u2019s, waarin we lezen hoe student Metin zich verder ontwikkelt.<\/p><div><aside><div id=\"VlybyId\" class=\"VlybyId\">\u201cIk heb zes jaar aan dit boek gewerkt\u201d, vertelt Isik, \u201cen wist meteen dat zich dit in San Francisco moest afspelen. De stad waar ik zelf heb gestudeerd. Ik kon voor het eerst alle registers opentrekken als schrijver. In Amerika mag en kan immers alles. Ik ken de omgeving goed en had zoveel materiaal dat ik gedoseerd moest werken. De oerversie van dit boek bestond uit 1700 pagina\u2019s. Ik wist natuurlijk wel dat daar veel uit moest, het moet immers wel leesbaar blijven.\u201d<\/div><\/aside><\/div>\t\t\t\t\t\t\t\t<\/div>\n\t\t\t\t<\/div>\n\t\t\t\t\t<\/div>\n\t\t<\/div>\n\t\t\t\t\t<\/div>\n\t\t<\/section>\n\t\t\t\t<section class=\"elementor-section elementor-top-section elementor-element elementor-element-423340d elementor-section-boxed elementor-section-height-default elementor-section-height-default\" data-id=\"423340d\" data-element_type=\"section\" data-e-type=\"section\">\n\t\t\t\t\t\t<div class=\"elementor-container elementor-column-gap-default\">\n\t\t\t\t\t<div class=\"elementor-column elementor-col-100 elementor-top-column elementor-element elementor-element-8f9bd86\" data-id=\"8f9bd86\" data-element_type=\"column\" data-e-type=\"column\">\n\t\t\t<div class=\"elementor-widget-wrap elementor-element-populated\">\n\t\t\t\t\t\t<div class=\"elementor-element elementor-element-5ebe2eb elementor-widget elementor-widget-image\" data-id=\"5ebe2eb\" data-element_type=\"widget\" data-e-type=\"widget\" data-widget_type=\"image.default\">\n\t\t\t\t<div class=\"elementor-widget-container\">\n\t\t\t\t\t\t\t\t\t\t\t\t\t\t\t<img decoding=\"async\" src=\"https:\/\/www.boekhandelrutgers.nl\/blogroll\/wp-content\/uploads\/2024\/04\/GMF_0490-scaled.jpg\" title=\"\" alt=\"\" loading=\"lazy\" \/>\t\t\t\t\t\t\t\t\t\t\t\t\t\t\t<\/div>\n\t\t\t\t<\/div>\n\t\t\t\t\t<\/div>\n\t\t<\/div>\n\t\t\t\t\t<\/div>\n\t\t<\/section>\n\t\t\t\t<section class=\"elementor-section elementor-top-section elementor-element elementor-element-e8e0f20 elementor-section-boxed elementor-section-height-default elementor-section-height-default\" data-id=\"e8e0f20\" data-element_type=\"section\" data-e-type=\"section\">\n\t\t\t\t\t\t<div class=\"elementor-container elementor-column-gap-default\">\n\t\t\t\t\t<div class=\"elementor-column elementor-col-100 elementor-top-column elementor-element elementor-element-725cdf8\" data-id=\"725cdf8\" data-element_type=\"column\" data-e-type=\"column\">\n\t\t\t<div class=\"elementor-widget-wrap elementor-element-populated\">\n\t\t\t\t\t\t<div class=\"elementor-element elementor-element-35d5b7f elementor-widget elementor-widget-text-editor\" data-id=\"35d5b7f\" data-element_type=\"widget\" data-e-type=\"widget\" data-widget_type=\"text-editor.default\">\n\t\t\t\t<div class=\"elementor-widget-container\">\n\t\t\t\t\t\t\t\t\t<p>In de Bijlmer was Metin \u2018onzichtbaar\u2019. In San Francisco is hij \u2018the cool guy from Amsterdam\u2019. Dat geeft hem zelfvertrouwen. Isik: \u201cHij wil ook die man van de wereld zijn. Als schrijver heb ik hem uitgedaagd, voor dilemma\u2019s gesteld, naar voren geduwd. Ik heb een nieuwe wereld om mijn eigen ervaring gebouwd en heb er literatuur van gemaakt. Metin is mijn alter ego. In dit boek krijgt hij een ander karakter en doet dingen die ik ook had willen doen, maar niet heb gedaan. Als hij op een gegeven moment een e-mail krijgt dat er thuis \u2013 9000 km verderop \u2013 problemen zijn, slaat dit in als een bom. Toch duwt hij het weg en besluit niet terug te gaan, hij is nog niet klaar in Amerika. Maar &#8211; zonder de inhoud van het boek weg te geven &#8211; de \u2018klauw van de familiebanden\u2019 laat je niet zomaar los.\u201d<\/p><p>Een paar dagen na deze mail, maakt Metin, net als Isik zelf destijds, de aanslagen op het World Trade Center van 11 september 2001 mee. \u201cIk moest hierover schrijven\u201d, zegt hij. \u201cIk wilde iets toevoegen aan het narratief en wilde daarbij de clich\u00e9s vermijden. Als Metin\u2019s docente 24 uur later vraagt: \u2018Waarom vielen zij ons aan?\u2019, is dat niet omdat ze jaloers zijn op onze vrijheid en onze democratie. Haar reactie: \u2018Dat krijg je ervan als je je jarenlang als supermacht opstelt en andere landen binnenvalt.\u2019 Nine-eleven en de e-mail vormen een omslagpunt voor Metin. De tijd dat hij zich laaft aan de vrijheden is voorbij.\u201d<\/p>\t\t\t\t\t\t\t\t<\/div>\n\t\t\t\t<\/div>\n\t\t\t\t\t<\/div>\n\t\t<\/div>\n\t\t\t\t\t<\/div>\n\t\t<\/section>\n\t\t\t\t<section class=\"elementor-section elementor-top-section elementor-element elementor-element-21b08a9 elementor-section-boxed elementor-section-height-default elementor-section-height-default\" data-id=\"21b08a9\" data-element_type=\"section\" data-e-type=\"section\">\n\t\t\t\t\t\t<div class=\"elementor-container elementor-column-gap-default\">\n\t\t\t\t\t<div class=\"elementor-column elementor-col-100 elementor-top-column elementor-element elementor-element-97ed582\" data-id=\"97ed582\" data-element_type=\"column\" data-e-type=\"column\">\n\t\t\t<div class=\"elementor-widget-wrap elementor-element-populated\">\n\t\t\t\t\t\t<div class=\"elementor-element elementor-element-5576ec2 elementor-widget elementor-widget-image\" data-id=\"5576ec2\" data-element_type=\"widget\" data-e-type=\"widget\" data-widget_type=\"image.default\">\n\t\t\t\t<div class=\"elementor-widget-container\">\n\t\t\t\t\t\t\t\t\t\t\t\t\t\t\t<img decoding=\"async\" src=\"https:\/\/www.boekhandelrutgers.nl\/blogroll\/wp-content\/uploads\/2024\/04\/GMF_0508-scaled.jpg\" title=\"\" alt=\"\" loading=\"lazy\" \/>\t\t\t\t\t\t\t\t\t\t\t\t\t\t\t<\/div>\n\t\t\t\t<\/div>\n\t\t\t\t\t<\/div>\n\t\t<\/div>\n\t\t\t\t\t<\/div>\n\t\t<\/section>\n\t\t\t\t<section class=\"elementor-section elementor-top-section elementor-element elementor-element-a4a05d0 elementor-section-boxed elementor-section-height-default elementor-section-height-default\" data-id=\"a4a05d0\" data-element_type=\"section\" data-e-type=\"section\">\n\t\t\t\t\t\t<div class=\"elementor-container elementor-column-gap-default\">\n\t\t\t\t\t<div class=\"elementor-column elementor-col-100 elementor-top-column elementor-element elementor-element-1527514\" data-id=\"1527514\" data-element_type=\"column\" data-e-type=\"column\">\n\t\t\t<div class=\"elementor-widget-wrap elementor-element-populated\">\n\t\t\t\t\t\t<div class=\"elementor-element elementor-element-c9391b9 elementor-widget elementor-widget-text-editor\" data-id=\"c9391b9\" data-element_type=\"widget\" data-e-type=\"widget\" data-widget_type=\"text-editor.default\">\n\t\t\t\t<div class=\"elementor-widget-container\">\n\t\t\t\t\t\t\t\t\t<p>De Schepper vraagt hoe Isik \u2018de klauw\u2019 van zijn eigen familie ziet. \u201cHet schrijven (van\u00a0<em>Verloren grond<\/em>) bracht me dichter bij mijn vader\u201d, zegt hij. Toen ik \u00e9\u00e9n op \u00e9\u00e9n met hem ging zitten, bleek dat hij het heerlijk vond om verhalen te vertellen over zijn leven en zijn familie. Hij was een heel belezen man. De verhouding tussen ons veranderde, er was een nieuwe rolverdeling. Nieuwe deuren openden zich. Ben heel blij dat ik destijds het gesprek met hem ben aangegaan.\u201d<\/p><p>Gaan we in een volgend boek lezen hoe het verder gaat met Metin? Isik: \u201cIk wil mezelf en de lezer verrassen. \u201cMetin komt vast nog wel eens terug als personage, maar ik voel nu de drang om iets heel anders te schrijven. Het wordt in ieder geval ook een minder lijvig boekwerk.\u201d<\/p>\t\t\t\t\t\t\t\t<\/div>\n\t\t\t\t<\/div>\n\t\t\t\t\t<\/div>\n\t\t<\/div>\n\t\t\t\t\t<\/div>\n\t\t<\/section>\n\t\t\t\t<section class=\"elementor-section elementor-top-section elementor-element elementor-element-888cff3 elementor-section-boxed elementor-section-height-default elementor-section-height-default\" data-id=\"888cff3\" data-element_type=\"section\" data-e-type=\"section\">\n\t\t\t\t\t\t<div class=\"elementor-container elementor-column-gap-default\">\n\t\t\t\t\t<div class=\"elementor-column elementor-col-33 elementor-top-column elementor-element elementor-element-e9e7134\" data-id=\"e9e7134\" data-element_type=\"column\" data-e-type=\"column\">\n\t\t\t<div class=\"elementor-widget-wrap elementor-element-populated\">\n\t\t\t\t\t\t<div class=\"elementor-element elementor-element-81c3d2f elementor-widget elementor-widget-image\" data-id=\"81c3d2f\" data-element_type=\"widget\" data-e-type=\"widget\" data-widget_type=\"image.default\">\n\t\t\t\t<div class=\"elementor-widget-container\">\n\t\t\t\t\t\t\t\t\t\t\t\t\t\t\t<img decoding=\"async\" src=\"https:\/\/www.boekhandelrutgers.nl\/blogroll\/wp-content\/uploads\/2024\/04\/GMF_0445-scaled.jpg\" title=\"\" alt=\"\" loading=\"lazy\" \/>\t\t\t\t\t\t\t\t\t\t\t\t\t\t\t<\/div>\n\t\t\t\t<\/div>\n\t\t\t\t\t<\/div>\n\t\t<\/div>\n\t\t\t\t<div class=\"elementor-column elementor-col-33 elementor-top-column elementor-element elementor-element-b26eb0a\" data-id=\"b26eb0a\" data-element_type=\"column\" data-e-type=\"column\">\n\t\t\t<div class=\"elementor-widget-wrap elementor-element-populated\">\n\t\t\t\t\t\t<div class=\"elementor-element elementor-element-3d87536 elementor-widget elementor-widget-image\" data-id=\"3d87536\" data-element_type=\"widget\" data-e-type=\"widget\" data-widget_type=\"image.default\">\n\t\t\t\t<div class=\"elementor-widget-container\">\n\t\t\t\t\t\t\t\t\t\t\t\t\t\t\t<img decoding=\"async\" src=\"https:\/\/www.boekhandelrutgers.nl\/blogroll\/wp-content\/uploads\/2024\/04\/GMF_0520-scaled.jpg\" title=\"\" alt=\"\" loading=\"lazy\" \/>\t\t\t\t\t\t\t\t\t\t\t\t\t\t\t<\/div>\n\t\t\t\t<\/div>\n\t\t\t\t\t<\/div>\n\t\t<\/div>\n\t\t\t\t<div class=\"elementor-column elementor-col-33 elementor-top-column elementor-element elementor-element-dedd7c2\" data-id=\"dedd7c2\" data-element_type=\"column\" data-e-type=\"column\">\n\t\t\t<div class=\"elementor-widget-wrap elementor-element-populated\">\n\t\t\t\t\t\t<div class=\"elementor-element elementor-element-5462b05 elementor-widget elementor-widget-image\" data-id=\"5462b05\" data-element_type=\"widget\" data-e-type=\"widget\" data-widget_type=\"image.default\">\n\t\t\t\t<div class=\"elementor-widget-container\">\n\t\t\t\t\t\t\t\t\t\t\t\t\t\t\t<img decoding=\"async\" src=\"https:\/\/www.boekhandelrutgers.nl\/blogroll\/wp-content\/uploads\/2024\/04\/GMF_0539-scaled.jpg\" title=\"\" alt=\"\" loading=\"lazy\" \/>\t\t\t\t\t\t\t\t\t\t\t\t\t\t\t<\/div>\n\t\t\t\t<\/div>\n\t\t\t\t\t<\/div>\n\t\t<\/div>\n\t\t\t\t\t<\/div>\n\t\t<\/section>\n\t\t\t\t<section class=\"elementor-section elementor-top-section elementor-element elementor-element-56b6cad elementor-section-boxed elementor-section-height-default elementor-section-height-default\" data-id=\"56b6cad\" data-element_type=\"section\" data-e-type=\"section\">\n\t\t\t\t\t\t<div class=\"elementor-container elementor-column-gap-default\">\n\t\t\t\t\t<div class=\"elementor-column elementor-col-33 elementor-top-column elementor-element elementor-element-4d87be9\" data-id=\"4d87be9\" data-element_type=\"column\" data-e-type=\"column\">\n\t\t\t<div class=\"elementor-widget-wrap elementor-element-populated\">\n\t\t\t\t\t\t<div class=\"elementor-element elementor-element-51c1b3b elementor-widget elementor-widget-image\" data-id=\"51c1b3b\" data-element_type=\"widget\" data-e-type=\"widget\" data-widget_type=\"image.default\">\n\t\t\t\t<div class=\"elementor-widget-container\">\n\t\t\t\t\t\t\t\t\t\t\t\t\t\t\t<img decoding=\"async\" src=\"https:\/\/www.boekhandelrutgers.nl\/blogroll\/wp-content\/uploads\/2024\/04\/GMF_0592-scaled.jpg\" title=\"\" alt=\"\" loading=\"lazy\" \/>\t\t\t\t\t\t\t\t\t\t\t\t\t\t\t<\/div>\n\t\t\t\t<\/div>\n\t\t\t\t\t<\/div>\n\t\t<\/div>\n\t\t\t\t<div class=\"elementor-column elementor-col-33 elementor-top-column elementor-element elementor-element-11acade\" data-id=\"11acade\" data-element_type=\"column\" data-e-type=\"column\">\n\t\t\t<div class=\"elementor-widget-wrap elementor-element-populated\">\n\t\t\t\t\t\t<div class=\"elementor-element elementor-element-9ca6a3b elementor-widget elementor-widget-image\" data-id=\"9ca6a3b\" data-element_type=\"widget\" data-e-type=\"widget\" data-widget_type=\"image.default\">\n\t\t\t\t<div class=\"elementor-widget-container\">\n\t\t\t\t\t\t\t\t\t\t\t\t\t\t\t<img decoding=\"async\" src=\"https:\/\/www.boekhandelrutgers.nl\/blogroll\/wp-content\/uploads\/2024\/04\/GMF_0570-scaled.jpg\" title=\"\" alt=\"\" loading=\"lazy\" \/>\t\t\t\t\t\t\t\t\t\t\t\t\t\t\t<\/div>\n\t\t\t\t<\/div>\n\t\t\t\t\t<\/div>\n\t\t<\/div>\n\t\t\t\t<div class=\"elementor-column elementor-col-33 elementor-top-column elementor-element elementor-element-adec56d\" data-id=\"adec56d\" data-element_type=\"column\" data-e-type=\"column\">\n\t\t\t<div class=\"elementor-widget-wrap elementor-element-populated\">\n\t\t\t\t\t\t<div class=\"elementor-element elementor-element-d0db5ac elementor-widget elementor-widget-image\" data-id=\"d0db5ac\" data-element_type=\"widget\" data-e-type=\"widget\" data-widget_type=\"image.default\">\n\t\t\t\t<div class=\"elementor-widget-container\">\n\t\t\t\t\t\t\t\t\t\t\t\t\t\t\t<img decoding=\"async\" src=\"https:\/\/www.boekhandelrutgers.nl\/blogroll\/wp-content\/uploads\/2024\/04\/GMF_0568-scaled.jpg\" title=\"\" alt=\"\" loading=\"lazy\" \/>\t\t\t\t\t\t\t\t\t\t\t\t\t\t\t<\/div>\n\t\t\t\t<\/div>\n\t\t\t\t\t<\/div>\n\t\t<\/div>\n\t\t\t\t\t<\/div>\n\t\t<\/section>\n\t\t\t\t<section class=\"elementor-section elementor-top-section elementor-element elementor-element-f5c5102 elementor-section-boxed elementor-section-height-default elementor-section-height-default\" data-id=\"f5c5102\" data-element_type=\"section\" data-e-type=\"section\">\n\t\t\t\t\t\t<div class=\"elementor-container elementor-column-gap-default\">\n\t\t\t\t\t<div class=\"elementor-column elementor-col-50 elementor-top-column elementor-element elementor-element-724b5c1\" data-id=\"724b5c1\" data-element_type=\"column\" data-e-type=\"column\">\n\t\t\t<div class=\"elementor-widget-wrap elementor-element-populated\">\n\t\t\t\t\t\t<div class=\"elementor-element elementor-element-2cbde67 elementor-widget elementor-widget-image\" data-id=\"2cbde67\" data-element_type=\"widget\" data-e-type=\"widget\" data-widget_type=\"image.default\">\n\t\t\t\t<div class=\"elementor-widget-container\">\n\t\t\t\t\t\t\t\t\t\t\t\t\t\t\t<img decoding=\"async\" src=\"https:\/\/www.boekhandelrutgers.nl\/blogroll\/wp-content\/uploads\/2024\/04\/GMF_0560-scaled.jpg\" title=\"\" alt=\"\" loading=\"lazy\" \/>\t\t\t\t\t\t\t\t\t\t\t\t\t\t\t<\/div>\n\t\t\t\t<\/div>\n\t\t\t\t\t<\/div>\n\t\t<\/div>\n\t\t\t\t<div class=\"elementor-column elementor-col-50 elementor-top-column elementor-element elementor-element-8846305\" data-id=\"8846305\" data-element_type=\"column\" data-e-type=\"column\">\n\t\t\t<div class=\"elementor-widget-wrap elementor-element-populated\">\n\t\t\t\t\t\t<div class=\"elementor-element elementor-element-247ddce elementor-widget elementor-widget-image\" data-id=\"247ddce\" data-element_type=\"widget\" data-e-type=\"widget\" data-widget_type=\"image.default\">\n\t\t\t\t<div class=\"elementor-widget-container\">\n\t\t\t\t\t\t\t\t\t\t\t\t\t\t\t<img decoding=\"async\" src=\"https:\/\/www.boekhandelrutgers.nl\/blogroll\/wp-content\/uploads\/2024\/04\/GMF_0579-scaled.jpg\" title=\"\" alt=\"\" loading=\"lazy\" \/>\t\t\t\t\t\t\t\t\t\t\t\t\t\t\t<\/div>\n\t\t\t\t<\/div>\n\t\t\t\t\t<\/div>\n\t\t<\/div>\n\t\t\t\t\t<\/div>\n\t\t<\/section>\n\t\t\t\t<section class=\"elementor-section elementor-top-section elementor-element elementor-element-1a6b0ea elementor-section-boxed elementor-section-height-default elementor-section-height-default\" data-id=\"1a6b0ea\" data-element_type=\"section\" data-e-type=\"section\">\n\t\t\t\t\t\t<div class=\"elementor-container elementor-column-gap-default\">\n\t\t\t\t\t<div class=\"elementor-column elementor-col-50 elementor-top-column elementor-element elementor-element-227ad34\" data-id=\"227ad34\" data-element_type=\"column\" data-e-type=\"column\">\n\t\t\t<div class=\"elementor-widget-wrap elementor-element-populated\">\n\t\t\t\t\t\t<div class=\"elementor-element elementor-element-c814232 elementor-widget elementor-widget-image\" data-id=\"c814232\" data-element_type=\"widget\" data-e-type=\"widget\" data-widget_type=\"image.default\">\n\t\t\t\t<div class=\"elementor-widget-container\">\n\t\t\t\t\t\t\t\t\t\t\t\t\t\t\t<img decoding=\"async\" src=\"https:\/\/www.boekhandelrutgers.nl\/blogroll\/wp-content\/uploads\/2024\/04\/GMF_0585-scaled.jpg\" title=\"\" alt=\"\" loading=\"lazy\" \/>\t\t\t\t\t\t\t\t\t\t\t\t\t\t\t<\/div>\n\t\t\t\t<\/div>\n\t\t\t\t\t<\/div>\n\t\t<\/div>\n\t\t\t\t<div class=\"elementor-column elementor-col-50 elementor-top-column elementor-element elementor-element-a601fb8\" data-id=\"a601fb8\" data-element_type=\"column\" data-e-type=\"column\">\n\t\t\t<div class=\"elementor-widget-wrap elementor-element-populated\">\n\t\t\t\t\t\t<div class=\"elementor-element elementor-element-597a5f1 elementor-widget elementor-widget-image\" data-id=\"597a5f1\" data-element_type=\"widget\" data-e-type=\"widget\" data-widget_type=\"image.default\">\n\t\t\t\t<div class=\"elementor-widget-container\">\n\t\t\t\t\t\t\t\t\t\t\t\t\t\t\t<img decoding=\"async\" src=\"https:\/\/www.boekhandelrutgers.nl\/blogroll\/wp-content\/uploads\/2024\/04\/GMF_0550-scaled.jpg\" title=\"\" alt=\"\" loading=\"lazy\" \/>\t\t\t\t\t\t\t\t\t\t\t\t\t\t\t<\/div>\n\t\t\t\t<\/div>\n\t\t\t\t\t<\/div>\n\t\t<\/div>\n\t\t\t\t\t<\/div>\n\t\t<\/section>\n\t\t\t\t<\/div>\n\t\t","protected":false},"excerpt":{"rendered":"<p>Schrijver Murat Isik tijdens het signeren in gesprek met lezers. Foto: DeSchepper&amp;Co Murat Isik in Varsseveld over de klauw van familiebanden VARSSEVELD &#8211; Afgelopen zondag was schrijver Murat Isik, voor de tweede keer op uitnodiging van boekhandel Rutgers, te gast in het Borchuus. In 2019 was net zijn Boekenweekessay\u00a0Mijn moeders strijd\u00a0verschenen. Afgelopen februari verscheen zijn &hellip; <a href=\"https:\/\/www.boekhandelrutgers.nl\/blogroll\/index.php\/murat-isik\/\" class=\"more-link\">Lees verder <span class=\"screen-reader-text\">&#8220;Murat Isik&#8221;<\/span><\/a><\/p>\n","protected":false},"author":1,"featured_media":0,"parent":0,"menu_order":0,"comment_status":"closed","ping_status":"closed","template":"","meta":{"footnotes":""},"class_list":["post-15078","page","type-page","status-publish","hentry"],"_links":{"self":[{"href":"https:\/\/www.boekhandelrutgers.nl\/blogroll\/index.php\/wp-json\/wp\/v2\/pages\/15078","targetHints":{"allow":["GET"]}}],"collection":[{"href":"https:\/\/www.boekhandelrutgers.nl\/blogroll\/index.php\/wp-json\/wp\/v2\/pages"}],"about":[{"href":"https:\/\/www.boekhandelrutgers.nl\/blogroll\/index.php\/wp-json\/wp\/v2\/types\/page"}],"author":[{"embeddable":true,"href":"https:\/\/www.boekhandelrutgers.nl\/blogroll\/index.php\/wp-json\/wp\/v2\/users\/1"}],"replies":[{"embeddable":true,"href":"https:\/\/www.boekhandelrutgers.nl\/blogroll\/index.php\/wp-json\/wp\/v2\/comments?post=15078"}],"version-history":[{"count":25,"href":"https:\/\/www.boekhandelrutgers.nl\/blogroll\/index.php\/wp-json\/wp\/v2\/pages\/15078\/revisions"}],"predecessor-version":[{"id":15421,"href":"https:\/\/www.boekhandelrutgers.nl\/blogroll\/index.php\/wp-json\/wp\/v2\/pages\/15078\/revisions\/15421"}],"wp:attachment":[{"href":"https:\/\/www.boekhandelrutgers.nl\/blogroll\/index.php\/wp-json\/wp\/v2\/media?parent=15078"}],"curies":[{"name":"wp","href":"https:\/\/api.w.org\/{rel}","templated":true}]}}